{"id":1026,"date":"2013-09-13T12:49:27","date_gmt":"2013-09-13T12:49:27","guid":{"rendered":"http:\/\/quanticalabs.com\/wp_themes\/themis-theme\/?page_id=1026"},"modified":"2018-11-16T13:50:36","modified_gmt":"2018-11-16T13:50:36","slug":"kapcsolat","status":"publish","type":"page","link":"http:\/\/drsobor.hu\/hu\/kapcsolat\/","title":{"rendered":"Kapcsolat"},"content":{"rendered":"<div class=\"layout-p-33x66 clear-fix \"><\/p>\n<p><div class=\"column-left paragraph\"><br \/>\n<h3 class=\"top-0\">El\u00e9rhet\u0151s\u00e9g<span class=\"underline\"><\/span><\/h3><br \/>\n<ul class=\"company-info company-info-full list-0 clear-fix \"><li class=\"icon-address paragraph\">Ed\u00f6m\u00e9r u. 2. I. em. 2.,, 1113 Budapest,  Magyarorsz\u00e1g<\/li><li class=\"icon-mail\"><a href=\"mailto:drsobor@drsobor.hu\">drsobor@drsobor.hu<\/a><\/li><li class=\"icon-phone\">+36 1 781 70 20<\/li><li class=\"icon-fax\">+36 1 781 70 25<\/li><\/ul><br \/>\n<br \/>\n<\/div><\/p>\n<p><div class=\"column-right paragraph\"><\/p>\n<p><h3 class=\"top-0\">Itt Vagyunk<span class=\"underline\"><\/span><\/h3><\/p>\n<p><i><span style=\"font-weight: 400;\">Megk\u00f6zel\u00edt\u00e9s: Irod\u00e1nk Buda legf\u0151bb forgalmi csom\u00f3pontj\u00e1n\u00e1l, a Kosztol\u00e1nyi Dezs\u0151 t\u00e9rb\u0151l ny\u00edl\u00f3 utc\u00e1ban helyezkedik el. Megk\u00f6zel\u00edthet\u0151 aut\u00f3val, illetve t\u00f6megk\u00f6zleked\u00e9ssel a 7, 53, 58, 153, 154, 213 \u00e9s, 214 sz\u00e1m\u00fa buszokkal, valamint a 19-es \u00e9s a 49-es villamosokkal.<\/span><\/i><\/p>\n<p><!-- &#091;tlt_google_map coordinate_lat=\"47.476134\" coordinate_lng=\"19.039665\" coordinate_marker_lat=\"47.476134\" coordinate_marker_lng=\"19.039665\" key=\"AIzaSyD12m5T0nnQW9GSTJifyGAWM55CAp7Wvco\" &#093; --><br \/>\n\n                \n            <div id=\"wpgmza_map\" data-settings='{&quot;id&quot;:&quot;1&quot;,&quot;map_title&quot;:&quot;Kapcsolat&quot;,&quot;map_width&quot;:&quot;100&quot;,&quot;map_height&quot;:&quot;232&quot;,&quot;map_start_lat&quot;:&quot;47.475519&quot;,&quot;map_start_lng&quot;:&quot;19.040312&quot;,&quot;map_start_location&quot;:&quot;47.47551873630658,19.04031226661636&quot;,&quot;map_start_zoom&quot;:&quot;16&quot;,&quot;default_marker&quot;:&quot;0&quot;,&quot;type&quot;:&quot;1&quot;,&quot;alignment&quot;:&quot;1&quot;,&quot;directions_enabled&quot;:&quot;1&quot;,&quot;styling_enabled&quot;:&quot;0&quot;,&quot;styling_json&quot;:&quot;&quot;,&quot;active&quot;:&quot;0&quot;,&quot;kml&quot;:&quot;&quot;,&quot;bicycle&quot;:&quot;2&quot;,&quot;traffic&quot;:&quot;2&quot;,&quot;dbox&quot;:&quot;1&quot;,&quot;dbox_width&quot;:&quot;100&quot;,&quot;listmarkers&quot;:&quot;0&quot;,&quot;listmarkers_advanced&quot;:&quot;0&quot;,&quot;filterbycat&quot;:&quot;0&quot;,&quot;ugm_enabled&quot;:&quot;0&quot;,&quot;ugm_category_enabled&quot;:&quot;0&quot;,&quot;fusion&quot;:&quot;&quot;,&quot;map_width_type&quot;:&quot;%&quot;,&quot;map_height_type&quot;:&quot;px&quot;,&quot;mass_marker_support&quot;:&quot;1&quot;,&quot;ugm_access&quot;:&quot;0&quot;,&quot;order_markers_by&quot;:&quot;1&quot;,&quot;order_markers_choice&quot;:&quot;2&quot;,&quot;show_user_location&quot;:&quot;0&quot;,&quot;default_to&quot;:&quot;&quot;,&quot;other_settings&quot;:{&quot;store_locator_enabled&quot;:2,&quot;store_locator_distance&quot;:2,&quot;store_locator_default_radius&quot;:&quot;10&quot;,&quot;store_locator_not_found_message&quot;:&quot;No results found in this location. Please try again.&quot;,&quot;store_locator_bounce&quot;:1,&quot;store_locator_query_string&quot;:&quot;ZIP \\\/ Address:&quot;,&quot;store_locator_default_address&quot;:&quot;&quot;,&quot;wpgmza_store_locator_restrict&quot;:&quot;&quot;,&quot;store_locator_style&quot;:&quot;modern&quot;,&quot;wpgmza_store_locator_radius_style&quot;:&quot;modern&quot;,&quot;map_max_zoom&quot;:&quot;1&quot;,&quot;transport_layer&quot;:2,&quot;wpgmza_theme_data&quot;:&quot;&quot;,&quot;wpgmza_show_points_of_interest&quot;:1}}' style=\"display:block; overflow:auto; width:100%; height:232px; float:left;\">\n            \n            <\/div>\n        <\/p>\n<p style='margin-top:240px;'><h3 class=\"margin-top-10\">\u00cdrjon Nek\u00fcnk!<span class=\"underline\"><\/span><\/h3><\/p>\n<p><form name=\"contact_form_47DFCABC4D7AB15E1E7A8E58E0EF0003\" id=\"contact_form_47DFCABC4D7AB15E1E7A8E58E0EF0003\" action=\"\" method=\"post\" class=\"clear-fix contact-form \"><div class=\"clear-fix\"><ul class=\"list-0 form-line clear-fix\"><li class=\"block form-line-33x33x33 margin-left-0\"><div><label for=\"contact_form_name_47DFCABC4D7AB15E1E7A8E58E0EF0003\">N\u00e9v<\/label><\/div><div class=\"form-field\"><input type=\"text\" name=\"contact_form_name_47DFCABC4D7AB15E1E7A8E58E0EF0003\" id=\"contact_form_name_47DFCABC4D7AB15E1E7A8E58E0EF0003\" value=\"\"\/><\/div><\/li><li class=\"block form-line-33x33x33\"><div><label for=\"contact_form_mail_47DFCABC4D7AB15E1E7A8E58E0EF0003\">E-mail c\u00edme<\/label><\/div><div class=\"form-field\"><input type=\"text\" name=\"contact_form_mail_47DFCABC4D7AB15E1E7A8E58E0EF0003\" id=\"contact_form_mail_47DFCABC4D7AB15E1E7A8E58E0EF0003\" value=\"\"\/><\/div><\/li><li class=\"block form-line-33x33x33 float-right\"><div><label for=\"contact_form_subject_47DFCABC4D7AB15E1E7A8E58E0EF0003\">Az \u00fczenet t\u00e1rgya<\/label><\/div><div class=\"form-field\"><input type=\"text\" name=\"contact_form_subject_47DFCABC4D7AB15E1E7A8E58E0EF0003\" id=\"contact_form_subject_47DFCABC4D7AB15E1E7A8E58E0EF0003\" value=\"\"\/><\/div><\/li><li class=\"clear-fix form-line-100 block\"><div><label for=\"contact_form_message_47DFCABC4D7AB15E1E7A8E58E0EF0003\">\u00dczenet<\/label><\/div><div class=\"form-field\"><textarea name=\"contact_form_message_47DFCABC4D7AB15E1E7A8E58E0EF0003\" id=\"contact_form_message_47DFCABC4D7AB15E1E7A8E58E0EF0003\" rows=\"1\" cols=\"1\"><\/textarea><\/div><\/li><li class=\"recaptcha-destination margin-left-0 margin-bottom-0\"><\/li><li class=\"clear-fix float-right margin-left-0 block\"><input type=\"hidden\" value=\"theme_public_contact_form_send\" name=\"action\"\/><input type=\"submit\" id=\"contact_form_submit_47DFCABC4D7AB15E1E7A8E58E0EF0003\" name=\"contact_form_submit_47DFCABC4D7AB15E1E7A8E58E0EF0003\" class=\"button\" value=\"Send message\"\/><\/li><\/ul><\/div><\/form><div class=\"hidden\"><script type=\"text\/javascript\">jQuery(document).ready(function() {jQuery('#contact_form_47DFCABC4D7AB15E1E7A8E58E0EF0003 label').inFieldLabels();var form=new TLThemeContactForm('47DFCABC4D7AB15E1E7A8E58E0EF0003',0);form.init();});<\/script><\/div><\/p>\n<p><\/div><\/p>\n<p><\/div>\n","protected":false},"excerpt":{"rendered":"","protected":false},"author":1,"featured_media":0,"parent":0,"menu_order":6,"comment_status":"open","ping_status":"open","template":"","meta":[],"translation":{"provider":"WPGlobus","version":"3.0.0","language":"hu","enabled_languages":["en","hu"],"languages":{"en":{"title":true,"content":true,"excerpt":false},"hu":{"title":true,"content":true,"excerpt":false}}},"_links":{"self":[{"href":"http:\/\/drsobor.hu\/hu\/wp-json\/wp\/v2\/pages\/1026"}],"collection":[{"href":"http:\/\/drsobor.hu\/hu\/wp-json\/wp\/v2\/pages"}],"about":[{"href":"http:\/\/drsobor.hu\/hu\/wp-json\/wp\/v2\/types\/page"}],"author":[{"embeddable":true,"href":"http:\/\/drsobor.hu\/hu\/wp-json\/wp\/v2\/users\/1"}],"replies":[{"embeddable":true,"href":"http:\/\/drsobor.hu\/hu\/wp-json\/wp\/v2\/comments?post=1026"}],"version-history":[{"count":41,"href":"http:\/\/drsobor.hu\/hu\/wp-json\/wp\/v2\/pages\/1026\/revisions"}],"predecessor-version":[{"id":1367,"href":"http:\/\/drsobor.hu\/hu\/wp-json\/wp\/v2\/pages\/1026\/revisions\/1367"}],"wp:attachment":[{"href":"http:\/\/drsobor.hu\/hu\/wp-json\/wp\/v2\/media?parent=1026"}],"curies":[{"name":"wp","href":"https:\/\/api.w.org\/{rel}","templated":true}]}}