{"id":728,"date":"2012-11-20T11:32:32","date_gmt":"2012-11-20T11:32:32","guid":{"rendered":"http:\/\/quanticalabs.com\/wp_themes\/themis\/?page_id=5"},"modified":"2018-11-16T13:51:21","modified_gmt":"2018-11-16T13:51:21","slug":"rolunk","status":"publish","type":"page","link":"http:\/\/drsobor.hu\/hu\/rolunk\/","title":{"rendered":"R\u00f3lunk"},"content":{"rendered":"<div class=\"layout-p-33x66 clear-fix \"><br \/>\n<div class=\"column-left paragraph\"><\/p>\n<p><a href=\"\/wp-content\/uploads\/2012\/11\/Honlap2.jpg\"><img decoding=\"async\" loading=\"lazy\" class=\"alignnone wp-image-1170\" src=\"\/wp-content\/uploads\/2012\/11\/Honlap2.jpg\" alt=\"Honlap2\" width=\"342\" height=\"512\" srcset=\"http:\/\/drsobor.hu\/wp-content\/uploads\/2012\/11\/Honlap2.jpg 622w, http:\/\/drsobor.hu\/wp-content\/uploads\/2012\/11\/Honlap2-201x300.jpg 201w\" sizes=\"(max-width: 342px) 100vw, 342px\" \/><\/a><\/p>\n<p style=\"text-align: left;\"><\/div><br \/>\n<div class=\"column-right paragraph\"><br \/>\n<h3 class=\"top-0\">Dr. Sobor \u00dcgyv\u00e9di Iroda<span class=\"underline\"><\/span><\/h3><\/p>\n<p style=\"text-align: left;\">Irod\u00e1nk hazai \u00e9s nemzetk\u00f6zi k\u00f6rnyezetben szerzett tapasztalatokra t\u00e1maszkodva jogi szolg\u00e1ltat\u00e1sok sz\u00e9les k\u00f6r\u00e9t ny\u00fajtja az \u00fczleti \u00e9let kisebb \u00e9s nagyobb szerepl\u0151inek. C\u00e9lunk, hogy hat\u00e9kony \u00e9s prec\u00edz tan\u00e1csainkkal valamint jogi k\u00e9pviselettel seg\u00edts\u00fck \u00fcgyfeleinket a tev\u00e9kenys\u00e9g\u00fck k\u00f6r\u00e9ben felmer\u00fcl\u0151 jogi probl\u00e9m\u00e1k megold\u00e1s\u00e1ban. Meggy\u0151z\u0151d\u00e9s\u00fcnk szerint a jog vil\u00e1g\u00e1ban is igaz, hogy a legjobb gy\u00f3gym\u00f3d a megel\u0151z\u00e9s. A szerz\u0151d\u00e9sek gondos megszerkeszt\u00e9s\u00e9re, megfelel\u0151 biztos\u00edt\u00e9kok kik\u00f6t\u00e9s\u00e9re \u00e9s a jogi kock\u00e1zatok id\u0151ben val\u00f3 felm\u00e9r\u00e9s\u00e9re ford\u00edtott id\u0151 \u00e9s p\u00e9nz olyan befektet\u00e9s, amellyel kiv\u00e1lthat\u00f3k a k\u00e9s\u0151bbi hosszadalmas, k\u00f6lts\u00e9ges \u00e9s bizonytalan kimenetel\u0171 perek.<\/p>\n<p style=\"text-align: left;\">\n\t\t\t<ul class=\"clear-fix layout-p-50x50 list list-bullet-1 margin-top-20\">\n\t\t\t\t<\/p>\n<p style=\"text-align: left;\"><h3 class=\"top-0\">Dr. Sobor D\u00e1vid<span class=\"underline\"><\/span><\/h3><\/p>\n<p style=\"text-align: left;\">\u00a0 Dr. Sobor D\u00e1vid 2011 \u00f3ta a Budapesti \u00dcgyv\u00e9di Kamara tagja. F\u0151 szakter\u00fcletei k\u00f6z\u00e9 tartozik a t\u00e1rsas\u00e1gi \u00e9s c\u00e9gjog, a versenyjog, a kereskedelmi szerz\u0151d\u00e9sek joga \u00e9s az ingatlanjog. Tanulm\u00e1nyait a P\u00e1zm\u00e1ny P\u00e9ter Katolikus Egyetemen \u00e9s a Jean Moulin Lyon III Egyetemen v\u00e9gezte.<\/p>\n<p style=\"text-align: left;\">A Gide Loyrette Nouel \u00fcgyv\u00e9di irod\u00e1ban \u00e9s neves budapesti \u00fcgyv\u00e9dek mellett elt\u00f6lt\u00f6tt gyakorlati ideje alatt magyar, angol \u00e9s francia munkanyelven dolgozott az \u00fczleti jog sz\u00e1mos ter\u00fclet\u00e9n.<span style=\"font-weight: 400;\">R\u00e9szt vett egy jelent\u0151s \u00e9lelmiszer-ipari v\u00e1llalkoz\u00e1s jogi \u00e1tvil\u00e1g\u00edt\u00e1s\u00e1ban \u00e9s egy francia multinacion\u00e1lis c\u00e9g \u00e1ltali felv\u00e1s\u00e1rl\u00e1s\u00e1ban. T\u00f6bb \u00f6sszefon\u00f3d\u00e1s enged\u00e9lyez\u00e9se ir\u00e1nti elj\u00e1r\u00e1sban sikerrel k\u00e9pviselte \u00fcgyfeleit, a Gazdas\u00e1gi Versenyhivatal el\u0151tt, t\u00f6bbek k\u00f6z\u00f6tt egy k\u00f6z\u00e9p-eur\u00f3pai vegyipari nagyv\u00e1llalatot, k\u00fcl\u00f6nb\u00f6z\u0151 magyar \u00e9p\u00edt\u0151ipari c\u00e9geket \u00e9s egy t\u0151zsd\u00e9n jegyzett befektet\u00e9si v\u00e1llalkoz\u00e1st. Nemzetk\u00f6zi h\u00edr\u0171 c\u00e9gcsoportok sz\u00e1m\u00e1ra szerkesztett ad\u00e1sv\u00e9teli, kereskedelmi \u00fcgyn\u00f6ki, v\u00e1llalkoz\u00e1si, b\u00e9rleti, forgalmaz\u00e1si \u00e9s v\u00e9djegyhaszn\u00e1lati szerz\u0151d\u00e9seket, valamint tan\u00e1csot adott jogszer\u0171 piaci magatart\u00e1suk kialak\u00edt\u00e1s\u00e1hoz.<\/span><\/p>\n<p>B\u00fcszkes\u00e9ge, hogy az Eur\u00f3pai Uni\u00f3 B\u00edr\u00f3s\u00e1ga a k\u00f6zrem\u0171k\u00f6d\u00e9s\u00e9vel hozott precedens \u00e9rt\u00e9k\u0171 \u00edt\u00e9letet, mely az \u00fcgyfele jav\u00e1ra d\u00f6nt\u00f6tt el egy jelent\u0151s per\u00e9rt\u00e9k\u0171, export \u00e1famentess\u00e9ggel kapcsolatos k\u00f6zigazgat\u00e1si pert. Jelenleg is t\u00f6bb peres felet k\u00e9pvisel az EU luxemburgi sz\u00e9khely\u0171 B\u00edr\u00f3s\u00e1ga el\u0151tt, \u00e9s az el\u00e9 ker\u00fcl\u0151 \u00fcgyekben nagy fontoss\u00e1got tulajdon\u00edt az uni\u00f3s jogi aspektusok felt\u00e1r\u00e1s\u00e1nak. \u00dcgyv\u00e9di munk\u00e1ja mellett a P\u00e1zm\u00e1ny P\u00e9ter Katolikus Egyetemen oktat kereskedelmi \u00e9s t\u00e1rsas\u00e1gi jogot. Ugyanitt &#8211; az Universit\u00e9 Panth\u00e9on-Assas Paris II egyetem t\u00e1rsir\u00e1ny\u00edt\u00e1sa alatt &#8211; PhD tanulm\u00e1nyokat is folytat.<\/p>\n<p>\n\t\t\t<ul class=\"clear-fix layout-p-50x50 list list-bullet-1 margin-top-20\">\n\t\t\t\t\n\t\t\t<\/ul>\n\t\t<br \/>\n\n\t\t\t<\/ul>\n\t\t<br \/>\n<\/div><\/p>\n<p><\/div>\n<div class=\"clear-fix infopanel infopanel-263 \"><\/div>\n","protected":false},"excerpt":{"rendered":"","protected":false},"author":1,"featured_media":0,"parent":0,"menu_order":1,"comment_status":"open","ping_status":"open","template":"","meta":[],"translation":{"provider":"WPGlobus","version":"3.0.0","language":"hu","enabled_languages":["en","hu"],"languages":{"en":{"title":true,"content":true,"excerpt":false},"hu":{"title":true,"content":true,"excerpt":false}}},"_links":{"self":[{"href":"http:\/\/drsobor.hu\/hu\/wp-json\/wp\/v2\/pages\/728"}],"collection":[{"href":"http:\/\/drsobor.hu\/hu\/wp-json\/wp\/v2\/pages"}],"about":[{"href":"http:\/\/drsobor.hu\/hu\/wp-json\/wp\/v2\/types\/page"}],"author":[{"embeddable":true,"href":"http:\/\/drsobor.hu\/hu\/wp-json\/wp\/v2\/users\/1"}],"replies":[{"embeddable":true,"href":"http:\/\/drsobor.hu\/hu\/wp-json\/wp\/v2\/comments?post=728"}],"version-history":[{"count":25,"href":"http:\/\/drsobor.hu\/hu\/wp-json\/wp\/v2\/pages\/728\/revisions"}],"predecessor-version":[{"id":1351,"href":"http:\/\/drsobor.hu\/hu\/wp-json\/wp\/v2\/pages\/728\/revisions\/1351"}],"wp:attachment":[{"href":"http:\/\/drsobor.hu\/hu\/wp-json\/wp\/v2\/media?parent=728"}],"curies":[{"name":"wp","href":"https:\/\/api.w.org\/{rel}","templated":true}]}}