{"id":9,"date":"2012-11-20T11:37:27","date_gmt":"2012-11-20T11:37:27","guid":{"rendered":"http:\/\/quanticalabs.com\/wp_themes\/themis\/?page_id=9"},"modified":"2018-11-16T11:34:28","modified_gmt":"2018-11-16T11:34:28","slug":"publikaciok","status":"publish","type":"page","link":"http:\/\/drsobor.hu\/hu\/publikaciok\/","title":{"rendered":"Publik\u00e1ci\u00f3k"},"content":{"rendered":"<p><a href=\"\/wp-content\/uploads\/2012\/11\/Honlap-publi3.jpg\"><img decoding=\"async\" loading=\"lazy\" class=\"alignnone wp-image-1251\" src=\"\/wp-content\/uploads\/2012\/11\/Honlap-publi3-1024x263.jpg\" alt=\"Honlap-publi3\" width=\"776\" height=\"199\" srcset=\"http:\/\/drsobor.hu\/wp-content\/uploads\/2012\/11\/Honlap-publi3-1024x263.jpg 1024w, http:\/\/drsobor.hu\/wp-content\/uploads\/2012\/11\/Honlap-publi3-300x77.jpg 300w\" sizes=\"(max-width: 776px) 100vw, 776px\" \/><\/a><\/p>\n<h3 class=\"\">\u00cdr\u00e1saink<span class=\"underline\"><\/span><\/h3>\n<ul class=\"list-0 clear-fix feature-list feature-list-1 layout-p-100 \"><li class=\"column-left\"><div class=\"icon-4 icon-4-document\"><\/div><h4>Sobor D\u00e1vid: A vezet\u0151 tiszts\u00e9gvisel\u0151 polg\u00e1ri jogi felel\u0151ss\u00e9g\u00e9nek \u00e9rv\u00e9nyes\u00edt\u00e9se a polg\u00e1ri perben<\/h4><div><p>In: <a href=\"http:\/\/complex.hu\/vezeto-tisztsegviselo-felelossege@51_2656_kiadvany.html#.VPiwP-GQ70U\">Csehi Z., Szab\u00f3 M. (szerk.): A vezet\u0151 tiszts\u00e9gvisel\u0151 felel\u0151ss\u00e9ge, Complex Kiad\u00f3, 2015<\/a><\/p><\/div><\/li><li class=\"column-left\"><div class=\"icon-4 icon-4-document\"><\/div><h4>Sobor D\u00e1vid: Lehet-e helye a joggal val\u00f3 vissza\u00e9l\u00e9s tilalm\u00e1nak a t\u00e1rsas\u00e1gi jogban?<\/h4><div><p>In: <a href=\"http:\/\/plwp.eu\/evfolyamok\/2014\/23-2014-17\">P\u00e1zm\u00e1ny Law Working Papers 2014\/17.<\/a><\/p><\/div><\/li><li class=\"column-left\"><div class=\"icon-4 icon-4-document\"><\/div><h4>Sobor D\u00e1vid: A disztrib\u00fator v\u00e9delme a forgalmaz\u00e1si szerz\u0151d\u00e9s megsz\u0171n\u00e9se eset\u00e9n<\/h4><div><p>In: Gazdas\u00e1g \u00e9s jog, 2014\/12. 14-18. o.<\/p><\/div><\/li><li class=\"column-left\"><div class=\"icon-4 icon-4-document\"><\/div><h4>Sobor D\u00e1vid: A vezet\u0151i felel\u0151ss\u00e9g prevent\u00edv \u00e9s reparat\u00edv funkci\u00f3inak \u00e9rv\u00e9nyes\u00fcl\u00e9se a magyar \u00e9s a francia t\u00e1rsas\u00e1gi jogban<\/h4><div><p>In: Magyar jog, 2014\/6. 350. o.<\/p><\/div><\/li><li class=\"column-left\"><div class=\"icon-4 icon-4-document\"><\/div><h4>Sobor D\u00e1vid: Hat\u00e9kony-e a magyar t\u00e1rsas\u00e1gi jog? \u2013 A t\u00e1rsas\u00e1g \u00e9s vezet\u0151je k\u00f6z\u00f6tti, \u00e9rdekellent\u00e9tet hordoz\u00f3 szerz\u0151d\u00e9sek probl\u00e9m\u00e1ja<\/h4><div><p>In:<a href=\"http:\/\/ias.jak.ppke.hu\/hir\/ias\/20123sz\/10.pdf\"> Iustum Aequum Salutare. 2012\/3\u20134. 153\u2013173. o.<\/a><\/p><\/div><\/li><li class=\"column-left\"><div class=\"icon-4 icon-4-document\"><\/div><h4>Sobor D\u00e1vid: Les conventions conclues entre la soci\u00e9t\u00e9 et son dirigeant en droit fran\u00e7ais et en droit hongrois.<\/h4><div><p>In: Magyar kereskedelmi jogi \u00e9vk\u00f6nyv, II. k\u00f6tet, 2010<\/p><\/div><\/li><li class=\"column-left\"><div class=\"icon-4 icon-4-document\"><\/div><h4>Sobor D\u00e1vid: A gazdas\u00e1gi t\u00e1rsas\u00e1g \u00e9s vezet\u0151 tiszts\u00e9gvisel\u0151je k\u00f6z\u00f6tti szerz\u0151d\u00e9sek a t\u00e1rsas\u00e1gi jogban.<\/h4><div><p>In: Gazdas\u00e1g \u00e9s jog (ISSN 1217-2464), 17. \u00e9vf. 7-8. sz\u00e1m (2009) p. 27-35.<\/p><\/div><\/li><li class=\"column-left\"><div class=\"icon-4 icon-4-document\"><\/div><h4>Jean-Charles Albitre, Sobor D\u00e1vid: The Hungarian Competition Office clarifies the guidelines for predatory pricing (Auchan\/Tesco).<\/h4><div><p>In: e-Competitions, 2005. m\u00e1jus<\/p><\/div><\/li><li class=\"column-left\"><div class=\"icon-4 icon-4-document\"><\/div><h4>Sobor D\u00e1vid: A francia b\u00fcntet\u00e9s-v\u00e9grehajt\u00e1s reformja.<\/h4><div><p>In: B\u00f6rt\u00f6n\u00fcgyi szemle, 2003\/1.<\/p><\/div><\/li><li class=\"column-left\"><div class=\"icon-4 icon-4-document\"><\/div><h4>Sobor D\u00e1vid: Sv\u00e1jc \u00e9s az Eur\u00f3pai Uni\u00f3 kapcsolatai, 2003<\/h4><div><p>\u00c9vfolyamdolgozat<\/p><\/div><\/li><\/ul>\n<div class=\"clear-fix infopanel infopanel-263 \"><\/div>\n<p>\u00a0<\/p>\n","protected":false},"excerpt":{"rendered":"<p>\u00a0<\/p>\n","protected":false},"author":1,"featured_media":0,"parent":0,"menu_order":3,"comment_status":"open","ping_status":"open","template":"","meta":[],"translation":{"provider":"WPGlobus","version":"3.0.0","language":"hu","enabled_languages":["en","hu"],"languages":{"en":{"title":true,"content":true,"excerpt":false},"hu":{"title":true,"content":true,"excerpt":false}}},"_links":{"self":[{"href":"http:\/\/drsobor.hu\/hu\/wp-json\/wp\/v2\/pages\/9"}],"collection":[{"href":"http:\/\/drsobor.hu\/hu\/wp-json\/wp\/v2\/pages"}],"about":[{"href":"http:\/\/drsobor.hu\/hu\/wp-json\/wp\/v2\/types\/page"}],"author":[{"embeddable":true,"href":"http:\/\/drsobor.hu\/hu\/wp-json\/wp\/v2\/users\/1"}],"replies":[{"embeddable":true,"href":"http:\/\/drsobor.hu\/hu\/wp-json\/wp\/v2\/comments?post=9"}],"version-history":[{"count":14,"href":"http:\/\/drsobor.hu\/hu\/wp-json\/wp\/v2\/pages\/9\/revisions"}],"predecessor-version":[{"id":1365,"href":"http:\/\/drsobor.hu\/hu\/wp-json\/wp\/v2\/pages\/9\/revisions\/1365"}],"wp:attachment":[{"href":"http:\/\/drsobor.hu\/hu\/wp-json\/wp\/v2\/media?parent=9"}],"curies":[{"name":"wp","href":"https:\/\/api.w.org\/{rel}","templated":true}]}}